{"id":3,"date":"2025-12-19T17:15:45","date_gmt":"2025-12-19T17:15:45","guid":{"rendered":"http:\/\/chaveirorei.com\/?page_id=3"},"modified":"2026-03-11T13:47:12","modified_gmt":"2026-03-11T13:47:12","slug":"privacy-policy","status":"publish","type":"page","link":"https:\/\/chaveirorei.com\/?page_id=3","title":{"rendered":"Privacy Policy"},"content":{"rendered":"\t\t<div data-elementor-type=\"wp-page\" data-elementor-id=\"3\" class=\"elementor elementor-3\" data-elementor-post-type=\"page\">\n\t\t\t\t<div class=\"elementor-element elementor-element-7452f10a e-flex e-con-boxed e-con e-parent\" data-id=\"7452f10a\" data-element_type=\"container\" data-settings=\"{&quot;background_background&quot;:&quot;classic&quot;}\">\n\t\t\t\t\t<div class=\"e-con-inner\">\n\t\t\t\t<div class=\"elementor-element elementor-element-5c0b55e4 elementor-widget elementor-widget-text-editor\" data-id=\"5c0b55e4\" data-element_type=\"widget\" data-widget_type=\"text-editor.default\">\n\t\t\t\t\t\t\t\t\t\n<h1 class=\"wp-block-heading\" data-section-id=\"1b9qpv8\" data-start=\"247\" data-end=\"272\">Pol\u00edtica de Privacidade<\/h1>\n<h2 data-section-id=\"vgd4o5\" data-start=\"274\" data-end=\"298\">1. Informa\u00e7\u00f5es Gerais<\/h2>\n<p data-start=\"300\" data-end=\"482\">A sua privacidade \u00e9 importante para n\u00f3s. Esta Pol\u00edtica de Privacidade descreve como coletamos, utilizamos e protegemos as informa\u00e7\u00f5es fornecidas pelos usu\u00e1rios ao acessar nosso site.<\/p>\n<p data-start=\"484\" data-end=\"589\">Ao utilizar este site, voc\u00ea concorda com a coleta e uso das informa\u00e7\u00f5es conforme descrito nesta pol\u00edtica.<\/p>\n<h2 data-section-id=\"1ukefq4\" data-start=\"596\" data-end=\"623\">2. Coleta de Informa\u00e7\u00f5es<\/h2>\n<p data-start=\"625\" data-end=\"707\">Podemos coletar informa\u00e7\u00f5es pessoais fornecidas voluntariamente pelos usu\u00e1rios ao:<\/p>\n<ul data-start=\"709\" data-end=\"833\">\n<li data-section-id=\"1habt3w\" data-start=\"709\" data-end=\"743\">\n<p data-start=\"711\" data-end=\"743\">Preencher formul\u00e1rios de contato<\/p>\n<\/li>\n<li data-section-id=\"rfgv72\" data-start=\"744\" data-end=\"780\">\n<p data-start=\"746\" data-end=\"780\">Solicitar atendimento ou or\u00e7amento<\/p>\n<\/li>\n<li data-section-id=\"ybbrze\" data-start=\"781\" data-end=\"833\">\n<p data-start=\"783\" data-end=\"833\">Entrar em contato por telefone, e-mail ou WhatsApp<\/p>\n<\/li>\n<\/ul>\n<p data-start=\"835\" data-end=\"874\">As informa\u00e7\u00f5es coletadas podem incluir:<\/p>\n<ul data-start=\"876\" data-end=\"976\">\n<li data-section-id=\"1t1go2p\" data-start=\"876\" data-end=\"884\">\n<p data-start=\"878\" data-end=\"884\">Nome<\/p>\n<\/li>\n<li data-section-id=\"mnzehe\" data-start=\"885\" data-end=\"907\">\n<p data-start=\"887\" data-end=\"907\">N\u00famero de telefone<\/p>\n<\/li>\n<li data-section-id=\"1tp9bde\" data-start=\"908\" data-end=\"935\">\n<p data-start=\"910\" data-end=\"935\">Endere\u00e7o de atendimento<\/p>\n<\/li>\n<li data-section-id=\"1cwcidg\" data-start=\"936\" data-end=\"976\">\n<p data-start=\"938\" data-end=\"976\">Informa\u00e7\u00f5es sobre o servi\u00e7o solicitado<\/p>\n<\/li>\n<\/ul>\n<p data-start=\"978\" data-end=\"1052\">Tamb\u00e9m podemos coletar automaticamente algumas informa\u00e7\u00f5es t\u00e9cnicas, como:<\/p>\n<ul data-start=\"1054\" data-end=\"1142\">\n<li data-section-id=\"rqjy1w\" data-start=\"1054\" data-end=\"1069\">\n<p data-start=\"1056\" data-end=\"1069\">Endere\u00e7o IP<\/p>\n<\/li>\n<li data-section-id=\"1or0qco\" data-start=\"1070\" data-end=\"1091\">\n<p data-start=\"1072\" data-end=\"1091\">Tipo de navegador<\/p>\n<\/li>\n<li data-section-id=\"x767rh\" data-start=\"1092\" data-end=\"1113\">\n<p data-start=\"1094\" data-end=\"1113\">P\u00e1ginas visitadas<\/p>\n<\/li>\n<li data-section-id=\"17ggiq9\" data-start=\"1114\" data-end=\"1142\">\n<p data-start=\"1116\" data-end=\"1142\">Tempo de navega\u00e7\u00e3o no site<\/p>\n<\/li>\n<\/ul>\n<h2 data-section-id=\"1t46us3\" data-start=\"1149\" data-end=\"1174\">3. Uso das Informa\u00e7\u00f5es<\/h2>\n<p data-start=\"1176\" data-end=\"1227\">As informa\u00e7\u00f5es coletadas podem ser utilizadas para:<\/p>\n<ul data-start=\"1229\" data-end=\"1426\">\n<li data-section-id=\"v458my\" data-start=\"1229\" data-end=\"1262\">\n<p data-start=\"1231\" data-end=\"1262\">Entrar em contato com o usu\u00e1rio<\/p>\n<\/li>\n<li data-section-id=\"8hlj89\" data-start=\"1263\" data-end=\"1296\">\n<p data-start=\"1265\" data-end=\"1296\">Prestar os servi\u00e7os solicitados<\/p>\n<\/li>\n<li data-section-id=\"fagie5\" data-start=\"1297\" data-end=\"1329\">\n<p data-start=\"1299\" data-end=\"1329\">Melhorar a experi\u00eancia no site<\/p>\n<\/li>\n<li data-section-id=\"12b04jk\" data-start=\"1330\" data-end=\"1386\">\n<p data-start=\"1332\" data-end=\"1386\">Analisar o desempenho do site e campanhas de marketing<\/p>\n<\/li>\n<li data-section-id=\"8q8u1h\" data-start=\"1387\" data-end=\"1426\">\n<p data-start=\"1389\" data-end=\"1426\">Garantir seguran\u00e7a e prevenir fraudes<\/p>\n<\/li>\n<\/ul>\n<h2 data-section-id=\"4jmujj\" data-start=\"1433\" data-end=\"1476\">4. Cookies e Tecnologias de Rastreamento<\/h2>\n<p data-start=\"1478\" data-end=\"1552\">Nosso site pode utilizar cookies para melhorar a experi\u00eancia de navega\u00e7\u00e3o.<\/p>\n<p data-start=\"1554\" data-end=\"1635\">Cookies s\u00e3o pequenos arquivos armazenados no dispositivo do usu\u00e1rio que ajudam a:<\/p>\n<ul data-start=\"1637\" data-end=\"1743\">\n<li data-section-id=\"pjaihx\" data-start=\"1637\" data-end=\"1659\">\n<p data-start=\"1639\" data-end=\"1659\">Lembrar prefer\u00eancias<\/p>\n<\/li>\n<li data-section-id=\"1sximt3\" data-start=\"1660\" data-end=\"1697\">\n<p data-start=\"1662\" data-end=\"1697\">Analisar comportamento de navega\u00e7\u00e3o<\/p>\n<\/li>\n<li data-section-id=\"269pt2\" data-start=\"1698\" data-end=\"1743\">\n<p data-start=\"1700\" data-end=\"1743\">Medir desempenho de campanhas publicit\u00e1rias<\/p>\n<\/li>\n<\/ul>\n<p data-start=\"1745\" data-end=\"1872\">Ferramentas de terceiros, como <strong data-start=\"1776\" data-end=\"1809\">Google Analytics e Google Ads<\/strong>, podem utilizar cookies para an\u00e1lise de tr\u00e1fego e remarketing.<\/p>\n<p data-start=\"1874\" data-end=\"1953\">O usu\u00e1rio pode desativar os cookies diretamente nas configura\u00e7\u00f5es do navegador.<\/p>\n<h2 data-section-id=\"1mnw1cc\" data-start=\"1960\" data-end=\"1997\">5. Compartilhamento de Informa\u00e7\u00f5es<\/h2>\n<p data-start=\"1999\" data-end=\"2106\">N\u00e3o vendemos, alugamos ou compartilhamos informa\u00e7\u00f5es pessoais com terceiros, exceto quando necess\u00e1rio para:<\/p>\n<ul data-start=\"2108\" data-end=\"2213\">\n<li data-section-id=\"fukarh\" data-start=\"2108\" data-end=\"2143\">\n<p data-start=\"2110\" data-end=\"2143\">Presta\u00e7\u00e3o de servi\u00e7os solicitados<\/p>\n<\/li>\n<li data-section-id=\"9baix1\" data-start=\"2144\" data-end=\"2178\">\n<p data-start=\"2146\" data-end=\"2178\">Cumprimento de obriga\u00e7\u00f5es legais<\/p>\n<\/li>\n<li data-section-id=\"2qm7a7\" data-start=\"2179\" data-end=\"2213\">\n<p data-start=\"2181\" data-end=\"2213\">Prote\u00e7\u00e3o de direitos e seguran\u00e7a<\/p>\n<\/li>\n<\/ul>\n<hr data-start=\"2215\" data-end=\"2218\" \/>\n<h2 data-section-id=\"5n0aio\" data-start=\"2220\" data-end=\"2251\">6. Seguran\u00e7a das Informa\u00e7\u00f5es<\/h2>\n<p data-start=\"2253\" data-end=\"2401\">Adotamos medidas de seguran\u00e7a adequadas para proteger as informa\u00e7\u00f5es dos usu\u00e1rios contra acesso n\u00e3o autorizado, altera\u00e7\u00e3o, divulga\u00e7\u00e3o ou destrui\u00e7\u00e3o.<\/p>\n<p data-start=\"2403\" data-end=\"2537\">Apesar disso, nenhum sistema \u00e9 totalmente seguro e n\u00e3o podemos garantir seguran\u00e7a absoluta das informa\u00e7\u00f5es transmitidas pela internet.<\/p>\n<h2 data-section-id=\"1i7u9h2\" data-start=\"2544\" data-end=\"2579\">7. Links para Sites de Terceiros<\/h2>\n<p data-start=\"2581\" data-end=\"2709\">Este site pode conter links para sites externos. N\u00e3o somos respons\u00e1veis pelas pol\u00edticas de privacidade ou conte\u00fado desses sites.<\/p>\n<p data-start=\"2711\" data-end=\"2800\">Recomendamos que o usu\u00e1rio leia as pol\u00edticas de privacidade de qualquer site que visitar.<\/p>\n<h2 data-section-id=\"1boywbp\" data-start=\"2807\" data-end=\"2832\">8. Direitos do Usu\u00e1rio<\/h2>\n<p data-start=\"2834\" data-end=\"2948\">De acordo com a legisla\u00e7\u00e3o aplic\u00e1vel, incluindo a Lei Geral de Prote\u00e7\u00e3o de Dados (LGPD), o usu\u00e1rio pode solicitar:<\/p>\n<ul data-start=\"2950\" data-end=\"3083\">\n<li data-section-id=\"h5qdxd\" data-start=\"2950\" data-end=\"2983\">\n<p data-start=\"2952\" data-end=\"2983\">Acesso \u00e0s informa\u00e7\u00f5es coletadas<\/p>\n<\/li>\n<li data-section-id=\"xl1hgw\" data-start=\"2984\" data-end=\"3014\">\n<p data-start=\"2986\" data-end=\"3014\">Corre\u00e7\u00e3o de dados incorretos<\/p>\n<\/li>\n<li data-section-id=\"9bqyi5\" data-start=\"3015\" data-end=\"3043\">\n<p data-start=\"3017\" data-end=\"3043\">Exclus\u00e3o de dados pessoais<\/p>\n<\/li>\n<li data-section-id=\"on7jkv\" data-start=\"3044\" data-end=\"3083\">\n<p data-start=\"3046\" data-end=\"3083\">Informa\u00e7\u00f5es sobre o uso de seus dados<\/p>\n<\/li>\n<\/ul>\n<p data-start=\"3085\" data-end=\"3139\">Para exercer esses direitos, entre em contato conosco.<\/p>\n<h2 data-section-id=\"13mk22d\" data-start=\"3146\" data-end=\"3177\">9. Altera\u00e7\u00f5es nesta Pol\u00edtica<\/h2>\n<p data-start=\"3179\" data-end=\"3310\">Esta Pol\u00edtica de Privacidade pode ser atualizada a qualquer momento para refletir mudan\u00e7as em nossas pr\u00e1ticas ou requisitos legais.<\/p>\n<p data-start=\"3312\" data-end=\"3373\">Recomendamos que o usu\u00e1rio revise esta p\u00e1gina periodicamente.<\/p>\n<h2 data-section-id=\"1napzdy\" data-start=\"3380\" data-end=\"3394\">10. Contato<\/h2>\n<p data-start=\"3396\" data-end=\"3511\">Caso tenha d\u00favidas sobre esta Pol\u00edtica de Privacidade ou sobre o uso de suas informa\u00e7\u00f5es, entre em contato conosco:<\/p>\n<p data-start=\"3513\" data-end=\"3593\">Telefone: (seu telefone)<br data-start=\"3537\" data-end=\"3540\" \/>E-mail: (seu email)<br data-start=\"3559\" data-end=\"3562\" \/>Endere\u00e7o: (sua cidade \/ estado)<\/p>\t\t\t\t\t\t\t\t<\/div>\n\t\t\t\t\t<\/div>\n\t\t\t\t<\/div>\n\t\t\t\t<\/div>\n\t\t","protected":false},"excerpt":{"rendered":"<p>Pol\u00edtica de Privacidade 1. Informa\u00e7\u00f5es Gerais A sua privacidade \u00e9 importante para n\u00f3s. Esta Pol\u00edtica de Privacidade descreve como coletamos, utilizamos e protegemos as informa\u00e7\u00f5es fornecidas pelos usu\u00e1rios ao acessar nosso site. Ao utilizar este site, voc\u00ea concorda com a coleta e uso das informa\u00e7\u00f5es conforme descrito nesta pol\u00edtica. 2. Coleta de Informa\u00e7\u00f5es Podemos coletar [&hellip;]<\/p>\n","protected":false},"author":1,"featured_media":0,"parent":0,"menu_order":0,"comment_status":"closed","ping_status":"open","template":"elementor_header_footer","meta":{"footnotes":""},"class_list":["post-3","page","type-page","status-publish","hentry"],"yoast_head":"<!-- This site is optimized with the Yoast SEO plugin v27.1.1 - https:\/\/yoast.com\/product\/yoast-seo-wordpress\/ -->\n<title>Privacy Policy - chaveirorei.com<\/title>\n<meta name=\"robots\" content=\"index, follow, max-snippet:-1, max-image-preview:large, max-video-preview:-1\" \/>\n<link rel=\"canonical\" href=\"https:\/\/chaveirorei.com\/?page_id=3\" \/>\n<meta property=\"og:locale\" content=\"pt_BR\" \/>\n<meta property=\"og:type\" content=\"article\" \/>\n<meta property=\"og:title\" content=\"Privacy Policy - chaveirorei.com\" \/>\n<meta property=\"og:description\" content=\"Pol\u00edtica de Privacidade 1. Informa\u00e7\u00f5es Gerais A sua privacidade \u00e9 importante para n\u00f3s. Esta Pol\u00edtica de Privacidade descreve como coletamos, utilizamos e protegemos as informa\u00e7\u00f5es fornecidas pelos usu\u00e1rios ao acessar nosso site. Ao utilizar este site, voc\u00ea concorda com a coleta e uso das informa\u00e7\u00f5es conforme descrito nesta pol\u00edtica. 2. Coleta de Informa\u00e7\u00f5es Podemos coletar [&hellip;]\" \/>\n<meta property=\"og:url\" content=\"https:\/\/chaveirorei.com\/?page_id=3\" \/>\n<meta property=\"og:site_name\" content=\"chaveirorei.com\" \/>\n<meta property=\"article:modified_time\" content=\"2026-03-11T13:47:12+00:00\" \/>\n<meta property=\"og:image\" content=\"https:\/\/chaveirorei.com\/wp-content\/uploads\/2025\/12\/Group-22.jpg\" \/>\n\t<meta property=\"og:image:width\" content=\"435\" \/>\n\t<meta property=\"og:image:height\" content=\"564\" \/>\n\t<meta property=\"og:image:type\" content=\"image\/jpeg\" \/>\n<meta name=\"twitter:card\" content=\"summary_large_image\" \/>\n<meta name=\"twitter:label1\" content=\"Est. tempo de leitura\" \/>\n\t<meta name=\"twitter:data1\" content=\"3 minutos\" \/>\n<script type=\"application\/ld+json\" class=\"yoast-schema-graph\">{\"@context\":\"https:\/\/schema.org\",\"@graph\":[{\"@type\":\"WebPage\",\"@id\":\"https:\/\/chaveirorei.com\/?page_id=3\",\"url\":\"https:\/\/chaveirorei.com\/?page_id=3\",\"name\":\"Privacy Policy - chaveirorei.com\",\"isPartOf\":{\"@id\":\"https:\/\/aqua-dove-175056.hostingersite.com\/#website\"},\"datePublished\":\"2025-12-19T17:15:45+00:00\",\"dateModified\":\"2026-03-11T13:47:12+00:00\",\"breadcrumb\":{\"@id\":\"https:\/\/chaveirorei.com\/?page_id=3#breadcrumb\"},\"inLanguage\":\"pt-BR\",\"potentialAction\":[{\"@type\":\"ReadAction\",\"target\":[\"https:\/\/chaveirorei.com\/?page_id=3\"]}]},{\"@type\":\"BreadcrumbList\",\"@id\":\"https:\/\/chaveirorei.com\/?page_id=3#breadcrumb\",\"itemListElement\":[{\"@type\":\"ListItem\",\"position\":1,\"name\":\"In\u00edcio\",\"item\":\"https:\/\/chaveirorei.com\/\"},{\"@type\":\"ListItem\",\"position\":2,\"name\":\"Privacy Policy\"}]},{\"@type\":\"WebSite\",\"@id\":\"https:\/\/aqua-dove-175056.hostingersite.com\/#website\",\"url\":\"https:\/\/aqua-dove-175056.hostingersite.com\/\",\"name\":\"chaveirorei.com\",\"description\":\"Chaveiro 24h para emerg\u00eancias e servi\u00e7os residenciais em S\u00e3o Paulo\",\"publisher\":{\"@id\":\"https:\/\/aqua-dove-175056.hostingersite.com\/#organization\"},\"potentialAction\":[{\"@type\":\"SearchAction\",\"target\":{\"@type\":\"EntryPoint\",\"urlTemplate\":\"https:\/\/aqua-dove-175056.hostingersite.com\/?s={search_term_string}\"},\"query-input\":{\"@type\":\"PropertyValueSpecification\",\"valueRequired\":true,\"valueName\":\"search_term_string\"}}],\"inLanguage\":\"pt-BR\"},{\"@type\":\"Organization\",\"@id\":\"https:\/\/aqua-dove-175056.hostingersite.com\/#organization\",\"name\":\"Chaveiro Rei- chaveiro em S\u00e3o Paulo 24 horas\",\"url\":\"https:\/\/aqua-dove-175056.hostingersite.com\/\",\"logo\":{\"@type\":\"ImageObject\",\"inLanguage\":\"pt-BR\",\"@id\":\"https:\/\/aqua-dove-175056.hostingersite.com\/#\/schema\/logo\/image\/\",\"url\":\"https:\/\/chaveirorei.com\/wp-content\/uploads\/2025\/12\/Group-21.png\",\"contentUrl\":\"https:\/\/chaveirorei.com\/wp-content\/uploads\/2025\/12\/Group-21.png\",\"width\":153,\"height\":67,\"caption\":\"Chaveiro Rei- chaveiro em S\u00e3o Paulo 24 horas\"},\"image\":{\"@id\":\"https:\/\/aqua-dove-175056.hostingersite.com\/#\/schema\/logo\/image\/\"}}]}<\/script>\n<!-- \/ Yoast SEO plugin. -->","yoast_head_json":{"title":"Privacy Policy - chaveirorei.com","robots":{"index":"index","follow":"follow","max-snippet":"max-snippet:-1","max-image-preview":"max-image-preview:large","max-video-preview":"max-video-preview:-1"},"canonical":"https:\/\/chaveirorei.com\/?page_id=3","og_locale":"pt_BR","og_type":"article","og_title":"Privacy Policy - chaveirorei.com","og_description":"Pol\u00edtica de Privacidade 1. Informa\u00e7\u00f5es Gerais A sua privacidade \u00e9 importante para n\u00f3s. Esta Pol\u00edtica de Privacidade descreve como coletamos, utilizamos e protegemos as informa\u00e7\u00f5es fornecidas pelos usu\u00e1rios ao acessar nosso site. Ao utilizar este site, voc\u00ea concorda com a coleta e uso das informa\u00e7\u00f5es conforme descrito nesta pol\u00edtica. 2. Coleta de Informa\u00e7\u00f5es Podemos coletar [&hellip;]","og_url":"https:\/\/chaveirorei.com\/?page_id=3","og_site_name":"chaveirorei.com","article_modified_time":"2026-03-11T13:47:12+00:00","og_image":[{"width":435,"height":564,"url":"https:\/\/chaveirorei.com\/wp-content\/uploads\/2025\/12\/Group-22.jpg","type":"image\/jpeg"}],"twitter_card":"summary_large_image","twitter_misc":{"Est. tempo de leitura":"3 minutos"},"schema":{"@context":"https:\/\/schema.org","@graph":[{"@type":"WebPage","@id":"https:\/\/chaveirorei.com\/?page_id=3","url":"https:\/\/chaveirorei.com\/?page_id=3","name":"Privacy Policy - chaveirorei.com","isPartOf":{"@id":"https:\/\/aqua-dove-175056.hostingersite.com\/#website"},"datePublished":"2025-12-19T17:15:45+00:00","dateModified":"2026-03-11T13:47:12+00:00","breadcrumb":{"@id":"https:\/\/chaveirorei.com\/?page_id=3#breadcrumb"},"inLanguage":"pt-BR","potentialAction":[{"@type":"ReadAction","target":["https:\/\/chaveirorei.com\/?page_id=3"]}]},{"@type":"BreadcrumbList","@id":"https:\/\/chaveirorei.com\/?page_id=3#breadcrumb","itemListElement":[{"@type":"ListItem","position":1,"name":"In\u00edcio","item":"https:\/\/chaveirorei.com\/"},{"@type":"ListItem","position":2,"name":"Privacy Policy"}]},{"@type":"WebSite","@id":"https:\/\/aqua-dove-175056.hostingersite.com\/#website","url":"https:\/\/aqua-dove-175056.hostingersite.com\/","name":"chaveirorei.com","description":"Chaveiro 24h para emerg\u00eancias e servi\u00e7os residenciais em S\u00e3o Paulo","publisher":{"@id":"https:\/\/aqua-dove-175056.hostingersite.com\/#organization"},"potentialAction":[{"@type":"SearchAction","target":{"@type":"EntryPoint","urlTemplate":"https:\/\/aqua-dove-175056.hostingersite.com\/?s={search_term_string}"},"query-input":{"@type":"PropertyValueSpecification","valueRequired":true,"valueName":"search_term_string"}}],"inLanguage":"pt-BR"},{"@type":"Organization","@id":"https:\/\/aqua-dove-175056.hostingersite.com\/#organization","name":"Chaveiro Rei- chaveiro em S\u00e3o Paulo 24 horas","url":"https:\/\/aqua-dove-175056.hostingersite.com\/","logo":{"@type":"ImageObject","inLanguage":"pt-BR","@id":"https:\/\/aqua-dove-175056.hostingersite.com\/#\/schema\/logo\/image\/","url":"https:\/\/chaveirorei.com\/wp-content\/uploads\/2025\/12\/Group-21.png","contentUrl":"https:\/\/chaveirorei.com\/wp-content\/uploads\/2025\/12\/Group-21.png","width":153,"height":67,"caption":"Chaveiro Rei- chaveiro em S\u00e3o Paulo 24 horas"},"image":{"@id":"https:\/\/aqua-dove-175056.hostingersite.com\/#\/schema\/logo\/image\/"}}]}},"_hostinger_reach_plugin_has_subscription_block":false,"_hostinger_reach_plugin_is_elementor":false,"_links":{"self":[{"href":"https:\/\/chaveirorei.com\/index.php?rest_route=\/wp\/v2\/pages\/3","targetHints":{"allow":["GET"]}}],"collection":[{"href":"https:\/\/chaveirorei.com\/index.php?rest_route=\/wp\/v2\/pages"}],"about":[{"href":"https:\/\/chaveirorei.com\/index.php?rest_route=\/wp\/v2\/types\/page"}],"author":[{"embeddable":true,"href":"https:\/\/chaveirorei.com\/index.php?rest_route=\/wp\/v2\/users\/1"}],"replies":[{"embeddable":true,"href":"https:\/\/chaveirorei.com\/index.php?rest_route=%2Fwp%2Fv2%2Fcomments&post=3"}],"version-history":[{"count":4,"href":"https:\/\/chaveirorei.com\/index.php?rest_route=\/wp\/v2\/pages\/3\/revisions"}],"predecessor-version":[{"id":402,"href":"https:\/\/chaveirorei.com\/index.php?rest_route=\/wp\/v2\/pages\/3\/revisions\/402"}],"wp:attachment":[{"href":"https:\/\/chaveirorei.com\/index.php?rest_route=%2Fwp%2Fv2%2Fmedia&parent=3"}],"curies":[{"name":"wp","href":"https:\/\/api.w.org\/{rel}","templated":true}]}}